{"id":1977,"date":"2018-05-03T18:14:26","date_gmt":"2018-05-03T16:14:26","guid":{"rendered":"https:\/\/www.wspl.bielsko.pl\/?page_id=1977"},"modified":"2023-08-29T09:12:40","modified_gmt":"2023-08-29T07:12:40","slug":"nocna-i-swiateczna-opieka-zdrowotna","status":"publish","type":"page","link":"https:\/\/www.wspl.bielsko.pl\/site\/nocna-i-swiateczna-opieka-zdrowotna\/","title":{"rendered":"Nocna i \u015bwi\u0105teczna opieka zdrowotna"},"content":{"rendered":"<div class=\"wpb-content-wrapper\">[vc_row css=\u201d.vc_custom_1529658466801{margin-top: -277px !important;}\u201d][vc_column][vc_row_inner gap=\u201d10\u2033][vc_column_inner width=\u201d1\/3\u2033][ucaddon_uc_image_link_carousel_content title=\u201dNasze poradnie\u201d image=\u201d1885\u2033 btn_text=\u201dLekarze \u2192\u201d btn_bg_color=\u201d#2394f0\u2033 title_color=\u201d#2394f0\u2033 content_color=\u201d#666666\u2033 link=\u201d\/site\/\u201d uc_fonts_data=\u201dJTdCJTIydGl0bGUlMjIlM0ElN0IlMjJmb250LWZhbWlseSUyMiUzQSUyMlJvYm90byUyMiUyQyUyMmZvbnQtd2VpZ2h0JTIyJTNBJTIyNjAwJTIyJTJDJTIyZm9udC1zaXplJTIyJTNBJTIyMjBweCUyMiU3RCUyQyUyMmJ0bl90ZXh0JTIyJTNBJTdCJTIyZm9udC1mYW1pbHklMjIlM0ElMjJSb2JvdG8lMjIlN0QlN0Q=\u201d]Lekarze specjali\u015bci r\u00f3\u017cnych dziedzin medycyny w ramach umowy zawartej przez Przychodni\u0119 z Narodowym Funduszem Zdrowia udzielaj\u0105 \u015bwiadcze\u0144 w poradniach specjalistycznych.[\/ucaddon_uc_image_link_carousel_content][\/vc_column_inner][vc_column_inner width=\u201d1\/3\u2033][ucaddon_uc_image_link_carousel_content title=\u201dGodziny pracy\u201d image=\u201d1886\u2033 btn_text=\u201dZobacz \u2192\u201d btn_bg_color=\u201d#016bc1\u2033 title_color=\u201d#016bc1\u2033 content_color=\u201d#666666\u2033 link=\u201d\/site\/poz#page\u201d uc_fonts_data=\u201dJTdCJTIydGl0bGUlMjIlM0ElN0IlMjJmb250LWZhbWlseSUyMiUzQSUyMlJvYm90byUyMiUyQyUyMmZvbnQtd2VpZ2h0JTIyJTNBJTIyNjAwJTIyJTJDJTIyZm9udC1zaXplJTIyJTNBJTIyMjBweCUyMiU3RCUyQyUyMmJ0bl90ZXh0JTIyJTNBJTdCJTIyZm9udC1mYW1pbHklMjIlM0ElMjJSb2JvdG8lMjIlN0QlN0Q=\u201d]\u015awiadczymy us\u0142ugi zdrowotne z zakresu: podstawowej opieki zdrowotnej w zakresie porad zdrowotnych, profilaktyki, leczenia i opieki nad dzie\u0107mi i doros\u0142ymi. Posiadamy kontrakt z NFZ.<br \/>\n[\/ucaddon_uc_image_link_carousel_content][\/vc_column_inner][vc_column_inner width=\u201d1\/3\u2033][ucaddon_uc_image_link_carousel_content title=\u201dO nas\u201d image=\u201d1887\u2033 btn_text=\u201dWi\u0119cej \u2192\u201d btn_bg_color=\u201d#044f8b\u201d title_color=\u201d#044f8b\u201d content_color=\u201d#666666\u2033 link=\u201d\/site\/o-nas#page\u201d uc_fonts_data=\u201dJTdCJTIydGl0bGUlMjIlM0ElN0IlMjJmb250LWZhbWlseSUyMiUzQSUyMlJvYm90byUyMiUyQyUyMmZvbnQtd2VpZ2h0JTIyJTNBJTIyNjAwJTIyJTJDJTIyZm9udC1zaXplJTIyJTNBJTIyMjBweCUyMiU3RCUyQyUyMmJ0bl90ZXh0JTIyJTNBJTdCJTIyZm9udC1mYW1pbHklMjIlM0ElMjJSb2JvdG8lMjIlN0QlN0Q=\u201d]POZ jest kom\u00f3rk\u0105 organizacyjn\u0105 pierwszego kontaktu, przyjmuj\u0105c\u0105 nieodp\u0142atnie pacjent\u00f3w ubezpieczonych: mundurowych oraz osoby cywile, na takich samych zasadach.[\/ucaddon_uc_image_link_carousel_content][\/vc_column_inner][\/vc_row_inner][\/vc_column][\/vc_row][vc_row css=\u201d.vc_custom_1525773188620{margin-bottom: 35px !important;padding-bottom: 0px !important;}\u201d][vc_column width=\u201d2\/3\u2033 css=\u201d.vc_custom_1525767057164{padding-right: 45px !important;padding-left: 15px !important;}\u201d]<!-- Breadcrumbs --><div class=\"breadcrumbs\" id=\"page\"><div class=\"container\"><span class=\"parent\"><a href=\"https:\/\/www.wspl.bielsko.pl\/site\/\">Strona g\u0142\u00f3wna<\/a><\/span><span class=\"child\">Strona<\/span><\/div><\/div>[vc_empty_space][vc_custom_heading text=\u201dNocna i \u015bwi\u0105teczna opieka zdrowotna\u201d font_container=\u201dtag:h1|text_align:left\u201d use_theme_fonts=\u201dyes\u201d css=\u201d.vc_custom_1529656465804{margin-top: 0px !important;padding-top: 0px !important;}\u201d][vc_separator color=\u201dcustom\u201d align=\u201dalign_left\u201d border_width=\u201d2\u2033 el_width=\u201d20\u2033 css=\u201d.vc_custom_1528202383020{margin-top: 25px !important;margin-bottom: 50px !important;}\u201d accent_color=\u201d#2394f0\u2033][vc_column_text]\n<h4>Od 1 pa\u017adziernika 2017 r. od godz. 8.00 na terenie miasta Bielska-Bia\u0142ej, pomoc w zakresie nocnej i \u015bwi\u0105tecznej pomocy medycznej\u00a0 \u015bwiadcz\u0105 dwa szpitale: Szpital Wojew\u00f3dzki i Szpital Pediatryczny.<\/h4>\n<p>Nocna i \u015bwi\u0105teczna opieka zdrowotna to \u015bwiadczenia w zakresie podstawowej opieki zdrowotnej udzielane od poniedzia\u0142ku do pi\u0105tku w godzinach od 18.00 do 8.00 dnia nast\u0119pnego oraz ca\u0142odobowo w dni ustawowo wolne od pracy. W Bielsku-Bia\u0142ej pomoc w zakresie nocnej i \u015bwi\u0105tecznej pomocy medycznej\u00a0 \u015bwiadcz\u0105:<\/p>\n<ul>\n<li><strong>Szpital Wojew\u00f3dzki<\/strong>, Al. Armii Krajowej 101<br \/>\ndla pacjent\u00f3w powy\u017cej 18 roku \u017cycia<br \/>\ntel. 33 506 58 58<\/li>\n<li><strong>Szpital Pediatryczny<\/strong>, ul. Sobieskiego 83<br \/>\ndla pacjent\u00f3w poni\u017cej 18 roku \u017cycia<br \/>\ntel. rejestracja: 33 828 40 02<br \/>\ndy\u017curka lekarska: 33 828 40 49.<\/li>\n<\/ul>\n<p>W razie nag\u0142ego zachorowania lub nag\u0142ego pogorszenia stanu zdrowia, pacjent mo\u017ce uda\u0107 si\u0119 po pomoc do dowolnego punktu nocnej i \u015bwi\u0105tecznej opieki zdrowotnej, niezale\u017cnie od tego, gdzie mieszka, i do kt\u00f3rego lekarza\/piel\u0119gniarki podstawowej opieki zdrowotnej (POZ) z\u0142o\u017cy\u0142 swoj\u0105 deklaracj\u0119.<\/p>\n<p>Dy\u017curuj\u0105cy lekarz udziela porad:<\/p>\n<ul>\n<li>w warunkach ambulatoryjnych,<\/li>\n<li>w domu pacjenta (w przypadkach medycznie uzasadnionych),<\/li>\n<li>telefonicznie.<\/li>\n<\/ul>\n<p>Z pomocy lekarza i piel\u0119gniarki, w nocy, w dni wolne i w \u015bwi\u0119ta mo\u017cna skorzysta\u0107 w razie:<\/p>\n<ul>\n<li>nag\u0142ego zachorowania;<\/li>\n<li>nag\u0142ego pogorszenia stanu zdrowia, gdy nie ma objaw\u00f3w sugeruj\u0105cych bezpo\u015brednie zagro\u017cenie \u017cycia lub istotny uszczerbek zdrowia, a zastosowane \u015brodki domowe lub leki dost\u0119pne bez recepty nie przynios\u0142y spodziewanej poprawy;<\/li>\n<li>gdy zachodzi obawa, \u017ce oczekiwanie na otwarcie przychodni mo\u017ce znacz\u0105co niekorzystnie wp\u0142yn\u0105\u0107 na stan zdrowia.<\/li>\n<\/ul>\n<p>Pe\u0142en wykaz plac\u00f3wek \u015bwiadcz\u0105cych pomoc w zakresie nocnej i \u015bwi\u0105tecznej pomocy medycznej, dost\u0119pny jest na stronie internetowej \u015al\u0105skiego Oddzia\u0142u Wojew\u00f3dzkiego Narodowego Funduszu Zdrowia.<\/p>\n<p>Szczeg\u00f3\u0142owe informacje s\u0105 r\u00f3wnie\u017c udzielane pod specjalnym numerem telefonu: (32) 735 15 00, <a href=\"http:\/\/www.nfz-katowice.pl\/news\/71\/dla-pacjenta\/aktualnosci-dla-pacjentow\/118288\">www.nfz-katowice.pl\/news\/71\/dla-pacjenta\/aktualnosci-dla-pacjentow\/118288<\/a>.[\/vc_column_text][\/vc_column][vc_column width=\u201d1\/3\u2033][vc_single_image image=\u201d3312\u2033 img_size=\u201dfull\u201d alignment=\u201dcenter\u201d onclick=\u201dcustom_link\u201d link=\u201dhttps:\/\/www.gov.pl\/web\/szczepimysie\u201d css=\u201d.vc_custom_1611492744907{margin-top: 0px !important;margin-right: 0px !important;margin-bottom: 0px !important;margin-left: 5px !important;padding-top: 0px !important;padding-right: 0px !important;padding-bottom: 0px !important;padding-left: 0px !important;}\u201d][vc_empty_space][vc_row_inner css=\u201d.vc_custom_1528357380969{margin-right: 0px !important;padding-top: 10px !important;padding-bottom: 0px !important;background-color: #044f8b !important;}\u201d el_class=\u201dmodule-hours\u201d][vc_column_inner css=\u201d.vc_custom_1528353249310{padding: 25px !important;}\u201d][vc_icon type=\u201dmaterial\u201d icon_material=\u201dvc-material vc-material-schedule\u201d color=\u201dwhite\u201d size=\u201dlg\u201d][vc_column_text css=\u201d.vc_custom_1528357534758{margin-bottom: 0px !important;padding-bottom: 10px !important;}\u201d]Przychodnia czynna:<br \/>\nod poniedzia\u0142ku do pi\u0105tku<br \/>\nw godzinach: 7.30 \u2013 18:.00<\/p>\n<p>Rejestracja telefoniczna pacjent\u00f3w do lekarza poz i poradni specjalistycznych od poniedzia\u0142ku do pi\u0105tku w godzinach: 8.00- 17.00<\/p>\n<p><a class=\"btn-rej\" href=\"https:\/\/pacjent-erejestracja.ezdrowie.ron.mil.pl\/services\/portal\/\">e-Rejestracja \u2192<\/a>[\/vc_column_text][\/vc_column_inner][\/vc_row_inner]<div class=\"publication-downloads\">\n                    <h2 class=\"publish\">Dokumenty do pobrania<\/h2><div class=\"download-file\">\n                        <a href=\"https:\/\/www.wspl.bielsko.pl\/?offshore_dl=3433\" class=\"offshore-download\"><i class=\"fa \" style=\"margin-right:5px;\" aria-hidden=\"true\"><\/i>Kwestionariusz kwalifikacyjny<span>581.30 KB<\/span><\/a>\n                    <\/div>\n                    <ul class=\"download-list list-unstyled\">\n                        \n                    <\/ul>\n                <\/div><div class=\"publication-downloads\">\n                    <div class=\"download-file\">\n                        <a href=\"https:\/\/www.wspl.bielsko.pl\/?offshore_dl=2011\" class=\"offshore-download\"><i class=\"fa \" style=\"margin-right:5px;\" aria-hidden=\"true\"><\/i>O\u015bwiadczenia<span>78.18 KB<\/span><\/a>\n                    <\/div>\n                    <ul class=\"download-list list-unstyled\">\n                        \n                    <\/ul>\n                <\/div><div class=\"publication-downloads\">\n                    <div class=\"download-file\">\n                        <a href=\"https:\/\/www.wspl.bielsko.pl\/?offshore_dl=2010\" class=\"offshore-download\"><i class=\"fa \" style=\"margin-right:5px;\" aria-hidden=\"true\"><\/i>Deklaracja wyboru - POZ<span>228.57 KB<\/span><\/a>\n                    <\/div>\n                    <ul class=\"download-list list-unstyled\">\n                        \n                    <\/ul>\n                <\/div><div class=\"publication-downloads\">\n                    <div class=\"download-file\">\n                        <a href=\"https:\/\/www.wspl.bielsko.pl\/?offshore_dl=2009\" class=\"offshore-download\"><i class=\"fa \" style=\"margin-right:5px;\" aria-hidden=\"true\"><\/i>Deklaracja wyboru - piel\u0119gniarka<span>190.41 KB<\/span><\/a>\n                    <\/div>\n                    <ul class=\"download-list list-unstyled\">\n                        \n                    <\/ul>\n                <\/div><div class=\"publication-downloads\">\n                    <div class=\"download-file\">\n                        <a href=\"https:\/\/www.wspl.bielsko.pl\/?offshore_dl=2008\" class=\"offshore-download\"><i class=\"fa \" style=\"margin-right:5px;\" aria-hidden=\"true\"><\/i>Deklaracja wyboru - po\u0142o\u017cna<span>190.90 KB<\/span><\/a>\n                    <\/div>\n                    <ul class=\"download-list list-unstyled\">\n                        \n                    <\/ul>\n                <\/div>[vc_empty_space][vc_column_text css=\u201d.vc_custom_1525851079740{padding-top: 35px !important;padding-right: 35px !important;padding-bottom: 1px !important;padding-left: 35px !important;background-color: #ffffff !important;}\u201d el_class=\u201dmodule-post\u201d]\n\n<div class=\"su-posts su-posts-default-loop \">\n\n\t\n\t\t\t\t\t\n\t\t\t\n\t\t\t<div id=\"su-post-10289\" class=\"su-post \">\n\n\t\t\t\t\n\t\t\t\t<h2 class=\"su-post-title\"><a href=\"https:\/\/www.wspl.bielsko.pl\/site\/dni-zdrowia-15052026\/\">Zapraszamy na Dni Zdrowia<\/a><\/h2>\n\n\t\t\t\t<div class=\"su-post-meta\">\n\t\t\t\t\tOpublikowano: 15 maja 2026\t\t\t\t<\/div>\n\n\t\t\t\t<div class=\"su-post-excerpt\">\n\t\t\t\t\t<p>Zapytanie ofertowe na \u201eModernizacj\u0119 rejestracji\u201d budynku g\u0142\u00f3wnego w Wojskowej Specjalistycznej Przychodni Lekarskiej SPZOZ w BielskuBia\u0142ej<\/p>\n\t\t\t\t<\/div>\n\n\t\t\t\t\n\t\t\t<\/div>\n\n\t\t\t\t\t\n\t\t\t\n\t\t\t<div id=\"su-post-10183\" class=\"su-post \">\n\n\t\t\t\t\n\t\t\t\t<h2 class=\"su-post-title\"><a href=\"https:\/\/www.wspl.bielsko.pl\/site\/oferta-pracy-12052026\/\">Oferta pracy w WSPL<\/a><\/h2>\n\n\t\t\t\t<div class=\"su-post-meta\">\n\t\t\t\t\tOpublikowano: 12 maja 2026\t\t\t\t<\/div>\n\n\t\t\t\t<div class=\"su-post-excerpt\">\n\t\t\t\t\t<p>Dyrektor Wojskowej Specjalistycznej przychodni w Bielsku-Bia\u0142ej poszukuje osoby do utrzymania czysto\u015bci w WSPL SPZOZ Bielsko- Bia\u0142a \u00a0ul. Willowa 2a<\/p>\n\t\t\t\t<\/div>\n\n\t\t\t\t\n\t\t\t<\/div>\n\n\t\t\t\t\t\n\t\t\t\n\t\t\t<div id=\"su-post-10076\" class=\"su-post \">\n\n\t\t\t\t\n\t\t\t\t<h2 class=\"su-post-title\"><a href=\"https:\/\/www.wspl.bielsko.pl\/site\/zaproszenie-do-skladania-ofert-27042026\/\">Zaproszenie do sk\u0142adania ofert<\/a><\/h2>\n\n\t\t\t\t<div class=\"su-post-meta\">\n\t\t\t\t\tOpublikowano: 27 kwietnia 2026\t\t\t\t<\/div>\n\n\t\t\t\t<div class=\"su-post-excerpt\">\n\t\t\t\t\t<p>Zapytanie ofertowe na \u201eModernizacj\u0119 rejestracji\u201d budynku g\u0142\u00f3wnego w Wojskowej Specjalistycznej Przychodni Lekarskiej SPZOZ w BielskuBia\u0142ej<\/p>\n\t\t\t\t<\/div>\n\n\t\t\t\t\n\t\t\t<\/div>\n\n\t\t\t\t\t\n\t\t\t\n\t\t\t<div id=\"su-post-9997\" class=\"su-post \">\n\n\t\t\t\t\n\t\t\t\t<h2 class=\"su-post-title\"><a href=\"https:\/\/www.wspl.bielsko.pl\/site\/poszukujemy-specjalisty-ds-zamowien-publicznych\/\">Poszukujemy specjalisty ds. zam\u00f3wie\u0144 publicznych do wsp\u00f3\u0142pracy przy przetargu na aparatur\u0119 medyczn\u0105<\/a><\/h2>\n\n\t\t\t\t<div class=\"su-post-meta\">\n\t\t\t\t\tOpublikowano: 24 kwietnia 2026\t\t\t\t<\/div>\n\n\t\t\t\t<div class=\"su-post-excerpt\">\n\t\t\t\t\t<p>WSPL SPZOZ poszukuje os\u00f3b ch\u0119tnych do podj\u0119cia wsp\u00f3\u0142pracy w celu pomocy przy przeprowadzeniu przetargu nieograniczonego na zakup aparatury medycznej.<\/p>\n\t\t\t\t<\/div>\n\n\t\t\t\t\n\t\t\t<\/div>\n\n\t\t\t\t\t\n\t\t\t\n\t\t\t<div id=\"su-post-9951\" class=\"su-post \">\n\n\t\t\t\t\n\t\t\t\t<h2 class=\"su-post-title\"><a href=\"https:\/\/www.wspl.bielsko.pl\/site\/moje-zdrowie-w-poz-09042026\/\">Moje Zdrowie w POZ<\/a><\/h2>\n\n\t\t\t\t<div class=\"su-post-meta\">\n\t\t\t\t\tOpublikowano: 8 kwietnia 2026\t\t\t\t<\/div>\n\n\t\t\t\t<div class=\"su-post-excerpt\">\n\t\t\t\t\t<p>\u201eMoje Zdrowie\u201d to nowy, kompleksowy program profilaktyczny Ministerstwa Zdrowia, kt\u00f3ry od maja 2025 roku zast\u0105pi\u0142 program \u201eProfilaktyka 40 Plus\u201d. Jego celem jest wczesne wykrycie chor\u00f3b cywilizacyjnych i wypracowanie u pacjent\u00f3w nawyku regularnego dbania o zdrowie.<\/p>\n\t\t\t\t<\/div>\n\n\t\t\t\t\n\t\t\t<\/div>\n\n\t\t\n\t\n<\/div>\n[\/vc_column_text][vc_images_carousel images=\u201d3111,3110\u2033 img_size=\u201d350\u00d7500\u2033 autoplay=\u201dyes\u201d css=\u201d.vc_custom_1693292833447{margin-left: 10px !important;}\u201d][\/vc_column][\/vc_row]\n<\/div>","protected":false},"excerpt":{"rendered":"<p>[vc_row css=\u201d.vc_custom_1529658466801{margin-top: -277px !important;}\u201d][vc_column][vc_row_inner gap=\u201d10\u2033][vc_column_inner width=\u201d1\/3\u2033][ucaddon_uc_image_link_carousel_content title=\u201dNasze poradnie\u201d image=\u201d1885\u2033 btn_text=\u201dLekarze \u2192\u201d btn_bg_color=\u201d#2394f0\u2033 title_color=\u201d#2394f0\u2033 content_color=\u201d#666666\u2033 link=\u201d\/site\/\u201d [&hellip;]<\/p>\n","protected":false},"author":1,"featured_media":0,"parent":0,"menu_order":0,"comment_status":"closed","ping_status":"closed","template":"","meta":{"footnotes":""},"class_list":["post-1977","page","type-page","status-publish","hentry"],"_links":{"self":[{"href":"https:\/\/www.wspl.bielsko.pl\/site\/wp-json\/wp\/v2\/pages\/1977","targetHints":{"allow":["GET"]}}],"collection":[{"href":"https:\/\/www.wspl.bielsko.pl\/site\/wp-json\/wp\/v2\/pages"}],"about":[{"href":"https:\/\/www.wspl.bielsko.pl\/site\/wp-json\/wp\/v2\/types\/page"}],"author":[{"embeddable":true,"href":"https:\/\/www.wspl.bielsko.pl\/site\/wp-json\/wp\/v2\/users\/1"}],"replies":[{"embeddable":true,"href":"https:\/\/www.wspl.bielsko.pl\/site\/wp-json\/wp\/v2\/comments?post=1977"}],"version-history":[{"count":28,"href":"https:\/\/www.wspl.bielsko.pl\/site\/wp-json\/wp\/v2\/pages\/1977\/revisions"}],"predecessor-version":[{"id":6918,"href":"https:\/\/www.wspl.bielsko.pl\/site\/wp-json\/wp\/v2\/pages\/1977\/revisions\/6918"}],"wp:attachment":[{"href":"https:\/\/www.wspl.bielsko.pl\/site\/wp-json\/wp\/v2\/media?parent=1977"}],"curies":[{"name":"wp","href":"https:\/\/api.w.org\/{rel}","templated":true}]}}